{"id":1475,"date":"2021-04-13T20:52:11","date_gmt":"2021-04-13T18:52:11","guid":{"rendered":"https:\/\/forge.forlam-groupe.fr\/nos-produits\/"},"modified":"2025-09-25T16:07:04","modified_gmt":"2025-09-25T14:07:04","slug":"our-forged-and-machined-parts","status":"publish","type":"page","link":"https:\/\/forge.forlam-groupe.fr\/en\/our-forged-and-machined-parts\/","title":{"rendered":"Our Forged and Machined Parts"},"content":{"rendered":"","protected":false},"excerpt":{"rendered":"","protected":false},"author":1,"featured_media":1476,"parent":0,"menu_order":0,"comment_status":"closed","ping_status":"closed","template":"template-parts\/tpl-produits.php","meta":{"_acf_changed":false,"inline_featured_image":false,"footnotes":""},"class_list":["post-1475","page","type-page","status-publish","has-post-thumbnail","hentry"],"acf":[],"yoast_head":"<!-- This site is optimized with the Yoast SEO plugin v27.3 - https:\/\/yoast.com\/product\/yoast-seo-wordpress\/ -->\n<title>Our Forged and Machined Parts | FORLAM - Forge<\/title>\n<meta name=\"description\" content=\"Discover the Forlam Forge expertise in raw forged and machined parts, from small to large production runs.\" \/>\n<meta name=\"robots\" content=\"index, follow, max-snippet:-1, max-image-preview:large, max-video-preview:-1\" \/>\n<link rel=\"canonical\" href=\"https:\/\/forge.forlam-groupe.fr\/en\/our-forged-and-machined-parts\/\" \/>\n<meta property=\"og:locale\" content=\"en_US\" \/>\n<meta property=\"og:type\" content=\"article\" \/>\n<meta property=\"og:title\" content=\"Our Forged and Machined Parts | FORLAM - Forge\" \/>\n<meta property=\"og:description\" content=\"Discover the Forlam Forge expertise in raw forged and machined parts, from small to large production runs.\" \/>\n<meta property=\"og:url\" content=\"https:\/\/forge.forlam-groupe.fr\/en\/our-forged-and-machined-parts\/\" \/>\n<meta property=\"og:site_name\" content=\"FORLAM - Forge\" \/>\n<meta property=\"article:modified_time\" content=\"2025-09-25T14:07:04+00:00\" \/>\n<meta property=\"og:image\" content=\"https:\/\/forge.forlam-groupe.fr\/wp-content\/uploads\/2021\/04\/draft-piece.png\" \/>\n\t<meta property=\"og:image:width\" content=\"643\" \/>\n\t<meta property=\"og:image:height\" content=\"873\" \/>\n\t<meta property=\"og:image:type\" content=\"image\/png\" \/>\n<meta name=\"twitter:card\" content=\"summary_large_image\" \/>\n<meta name=\"twitter:label1\" content=\"Est. reading time\" \/>\n\t<meta name=\"twitter:data1\" content=\"1 minute\" \/>\n<script type=\"application\/ld+json\" class=\"yoast-schema-graph\">{\"@context\":\"https:\\\/\\\/schema.org\",\"@graph\":[{\"@type\":\"WebPage\",\"@id\":\"https:\\\/\\\/forge.forlam-groupe.fr\\\/en\\\/our-forged-and-machined-parts\\\/\",\"url\":\"https:\\\/\\\/forge.forlam-groupe.fr\\\/en\\\/our-forged-and-machined-parts\\\/\",\"name\":\"Our Forged and Machined Parts | FORLAM - Forge\",\"isPartOf\":{\"@id\":\"https:\\\/\\\/forge.forlam-groupe.fr\\\/en\\\/#website\"},\"primaryImageOfPage\":{\"@id\":\"https:\\\/\\\/forge.forlam-groupe.fr\\\/en\\\/our-forged-and-machined-parts\\\/#primaryimage\"},\"image\":{\"@id\":\"https:\\\/\\\/forge.forlam-groupe.fr\\\/en\\\/our-forged-and-machined-parts\\\/#primaryimage\"},\"thumbnailUrl\":\"https:\\\/\\\/forge.forlam-groupe.fr\\\/wp-content\\\/uploads\\\/2021\\\/04\\\/draft-piece.png\",\"datePublished\":\"2021-04-13T18:52:11+00:00\",\"dateModified\":\"2025-09-25T14:07:04+00:00\",\"description\":\"Discover the Forlam Forge expertise in raw forged and machined parts, from small to large production runs.\",\"breadcrumb\":{\"@id\":\"https:\\\/\\\/forge.forlam-groupe.fr\\\/en\\\/our-forged-and-machined-parts\\\/#breadcrumb\"},\"inLanguage\":\"en-US\",\"potentialAction\":[{\"@type\":\"ReadAction\",\"target\":[\"https:\\\/\\\/forge.forlam-groupe.fr\\\/en\\\/our-forged-and-machined-parts\\\/\"]}]},{\"@type\":\"ImageObject\",\"inLanguage\":\"en-US\",\"@id\":\"https:\\\/\\\/forge.forlam-groupe.fr\\\/en\\\/our-forged-and-machined-parts\\\/#primaryimage\",\"url\":\"https:\\\/\\\/forge.forlam-groupe.fr\\\/wp-content\\\/uploads\\\/2021\\\/04\\\/draft-piece.png\",\"contentUrl\":\"https:\\\/\\\/forge.forlam-groupe.fr\\\/wp-content\\\/uploads\\\/2021\\\/04\\\/draft-piece.png\",\"width\":643,\"height\":873,\"caption\":\"Estampage de pr\u00e9cision et outillages, Bourguignon Barr\u00e9, Forlam Forge groupe Forlam, Fabricant Fran\u00e7ais France\"},{\"@type\":\"BreadcrumbList\",\"@id\":\"https:\\\/\\\/forge.forlam-groupe.fr\\\/en\\\/our-forged-and-machined-parts\\\/#breadcrumb\",\"itemListElement\":[{\"@type\":\"ListItem\",\"position\":1,\"name\":\"Accueil\",\"item\":\"https:\\\/\\\/forge.forlam-groupe.fr\\\/en\\\/\"},{\"@type\":\"ListItem\",\"position\":2,\"name\":\"Our Forged and Machined Parts\"}]},{\"@type\":\"WebSite\",\"@id\":\"https:\\\/\\\/forge.forlam-groupe.fr\\\/en\\\/#website\",\"url\":\"https:\\\/\\\/forge.forlam-groupe.fr\\\/en\\\/\",\"name\":\"FORLAM - Forge\",\"description\":\"Un site utilisant WordPress\",\"publisher\":{\"@id\":\"https:\\\/\\\/forge.forlam-groupe.fr\\\/en\\\/#organization\"},\"potentialAction\":[{\"@type\":\"SearchAction\",\"target\":{\"@type\":\"EntryPoint\",\"urlTemplate\":\"https:\\\/\\\/forge.forlam-groupe.fr\\\/en\\\/?s={search_term_string}\"},\"query-input\":{\"@type\":\"PropertyValueSpecification\",\"valueRequired\":true,\"valueName\":\"search_term_string\"}}],\"inLanguage\":\"en-US\"},{\"@type\":\"Organization\",\"@id\":\"https:\\\/\\\/forge.forlam-groupe.fr\\\/en\\\/#organization\",\"name\":\"FORLAM FORGE\",\"alternateName\":\"PRECIFORGE - BOURGUIGNON BARRE\",\"url\":\"https:\\\/\\\/forge.forlam-groupe.fr\\\/en\\\/\",\"logo\":{\"@type\":\"ImageObject\",\"inLanguage\":\"en-US\",\"@id\":\"https:\\\/\\\/forge.forlam-groupe.fr\\\/en\\\/#\\\/schema\\\/logo\\\/image\\\/\",\"url\":\"https:\\\/\\\/forge.forlam-groupe.fr\\\/wp-content\\\/uploads\\\/2021\\\/06\\\/Logo-forlam-forge.svg\",\"contentUrl\":\"https:\\\/\\\/forge.forlam-groupe.fr\\\/wp-content\\\/uploads\\\/2021\\\/06\\\/Logo-forlam-forge.svg\",\"width\":\"1024\",\"height\":\"1024\",\"caption\":\"FORLAM FORGE\"},\"image\":{\"@id\":\"https:\\\/\\\/forge.forlam-groupe.fr\\\/en\\\/#\\\/schema\\\/logo\\\/image\\\/\"},\"sameAs\":[\"https:\\\/\\\/www.linkedin.com\\\/company\\\/preciforge\"]}]}<\/script>\n<!-- \/ Yoast SEO plugin. -->","yoast_head_json":{"title":"Our Forged and Machined Parts | FORLAM - Forge","description":"Discover the Forlam Forge expertise in raw forged and machined parts, from small to large production runs.","robots":{"index":"index","follow":"follow","max-snippet":"max-snippet:-1","max-image-preview":"max-image-preview:large","max-video-preview":"max-video-preview:-1"},"canonical":"https:\/\/forge.forlam-groupe.fr\/en\/our-forged-and-machined-parts\/","og_locale":"en_US","og_type":"article","og_title":"Our Forged and Machined Parts | FORLAM - Forge","og_description":"Discover the Forlam Forge expertise in raw forged and machined parts, from small to large production runs.","og_url":"https:\/\/forge.forlam-groupe.fr\/en\/our-forged-and-machined-parts\/","og_site_name":"FORLAM - Forge","article_modified_time":"2025-09-25T14:07:04+00:00","og_image":[{"width":643,"height":873,"url":"https:\/\/forge.forlam-groupe.fr\/wp-content\/uploads\/2021\/04\/draft-piece.png","type":"image\/png"}],"twitter_card":"summary_large_image","twitter_misc":{"Est. reading time":"1 minute"},"schema":{"@context":"https:\/\/schema.org","@graph":[{"@type":"WebPage","@id":"https:\/\/forge.forlam-groupe.fr\/en\/our-forged-and-machined-parts\/","url":"https:\/\/forge.forlam-groupe.fr\/en\/our-forged-and-machined-parts\/","name":"Our Forged and Machined Parts | FORLAM - Forge","isPartOf":{"@id":"https:\/\/forge.forlam-groupe.fr\/en\/#website"},"primaryImageOfPage":{"@id":"https:\/\/forge.forlam-groupe.fr\/en\/our-forged-and-machined-parts\/#primaryimage"},"image":{"@id":"https:\/\/forge.forlam-groupe.fr\/en\/our-forged-and-machined-parts\/#primaryimage"},"thumbnailUrl":"https:\/\/forge.forlam-groupe.fr\/wp-content\/uploads\/2021\/04\/draft-piece.png","datePublished":"2021-04-13T18:52:11+00:00","dateModified":"2025-09-25T14:07:04+00:00","description":"Discover the Forlam Forge expertise in raw forged and machined parts, from small to large production runs.","breadcrumb":{"@id":"https:\/\/forge.forlam-groupe.fr\/en\/our-forged-and-machined-parts\/#breadcrumb"},"inLanguage":"en-US","potentialAction":[{"@type":"ReadAction","target":["https:\/\/forge.forlam-groupe.fr\/en\/our-forged-and-machined-parts\/"]}]},{"@type":"ImageObject","inLanguage":"en-US","@id":"https:\/\/forge.forlam-groupe.fr\/en\/our-forged-and-machined-parts\/#primaryimage","url":"https:\/\/forge.forlam-groupe.fr\/wp-content\/uploads\/2021\/04\/draft-piece.png","contentUrl":"https:\/\/forge.forlam-groupe.fr\/wp-content\/uploads\/2021\/04\/draft-piece.png","width":643,"height":873,"caption":"Estampage de pr\u00e9cision et outillages, Bourguignon Barr\u00e9, Forlam Forge groupe Forlam, Fabricant Fran\u00e7ais France"},{"@type":"BreadcrumbList","@id":"https:\/\/forge.forlam-groupe.fr\/en\/our-forged-and-machined-parts\/#breadcrumb","itemListElement":[{"@type":"ListItem","position":1,"name":"Accueil","item":"https:\/\/forge.forlam-groupe.fr\/en\/"},{"@type":"ListItem","position":2,"name":"Our Forged and Machined Parts"}]},{"@type":"WebSite","@id":"https:\/\/forge.forlam-groupe.fr\/en\/#website","url":"https:\/\/forge.forlam-groupe.fr\/en\/","name":"FORLAM - Forge","description":"Un site utilisant WordPress","publisher":{"@id":"https:\/\/forge.forlam-groupe.fr\/en\/#organization"},"potentialAction":[{"@type":"SearchAction","target":{"@type":"EntryPoint","urlTemplate":"https:\/\/forge.forlam-groupe.fr\/en\/?s={search_term_string}"},"query-input":{"@type":"PropertyValueSpecification","valueRequired":true,"valueName":"search_term_string"}}],"inLanguage":"en-US"},{"@type":"Organization","@id":"https:\/\/forge.forlam-groupe.fr\/en\/#organization","name":"FORLAM FORGE","alternateName":"PRECIFORGE - BOURGUIGNON BARRE","url":"https:\/\/forge.forlam-groupe.fr\/en\/","logo":{"@type":"ImageObject","inLanguage":"en-US","@id":"https:\/\/forge.forlam-groupe.fr\/en\/#\/schema\/logo\/image\/","url":"https:\/\/forge.forlam-groupe.fr\/wp-content\/uploads\/2021\/06\/Logo-forlam-forge.svg","contentUrl":"https:\/\/forge.forlam-groupe.fr\/wp-content\/uploads\/2021\/06\/Logo-forlam-forge.svg","width":"1024","height":"1024","caption":"FORLAM FORGE"},"image":{"@id":"https:\/\/forge.forlam-groupe.fr\/en\/#\/schema\/logo\/image\/"},"sameAs":["https:\/\/www.linkedin.com\/company\/preciforge"]}]}},"_links":{"self":[{"href":"https:\/\/forge.forlam-groupe.fr\/en\/wp-json\/wp\/v2\/pages\/1475","targetHints":{"allow":["GET"]}}],"collection":[{"href":"https:\/\/forge.forlam-groupe.fr\/en\/wp-json\/wp\/v2\/pages"}],"about":[{"href":"https:\/\/forge.forlam-groupe.fr\/en\/wp-json\/wp\/v2\/types\/page"}],"author":[{"embeddable":true,"href":"https:\/\/forge.forlam-groupe.fr\/en\/wp-json\/wp\/v2\/users\/1"}],"replies":[{"embeddable":true,"href":"https:\/\/forge.forlam-groupe.fr\/en\/wp-json\/wp\/v2\/comments?post=1475"}],"version-history":[{"count":3,"href":"https:\/\/forge.forlam-groupe.fr\/en\/wp-json\/wp\/v2\/pages\/1475\/revisions"}],"predecessor-version":[{"id":4036,"href":"https:\/\/forge.forlam-groupe.fr\/en\/wp-json\/wp\/v2\/pages\/1475\/revisions\/4036"}],"wp:featuredmedia":[{"embeddable":true,"href":"https:\/\/forge.forlam-groupe.fr\/en\/wp-json\/wp\/v2\/media\/1476"}],"wp:attachment":[{"href":"https:\/\/forge.forlam-groupe.fr\/en\/wp-json\/wp\/v2\/media?parent=1475"}],"curies":[{"name":"wp","href":"https:\/\/api.w.org\/{rel}","templated":true}]}}