{"id":1319,"date":"2021-04-15T17:01:59","date_gmt":"2021-04-15T15:01:59","guid":{"rendered":"https:\/\/forge.forlam-groupe.fr\/nous-contacter\/"},"modified":"2021-09-03T13:46:56","modified_gmt":"2021-09-03T11:46:56","slug":"contact-us","status":"publish","type":"page","link":"https:\/\/forge.forlam-groupe.fr\/en\/contact-us\/","title":{"rendered":"Contact us"},"content":{"rendered":"","protected":false},"excerpt":{"rendered":"","protected":false},"author":1,"featured_media":1292,"parent":0,"menu_order":0,"comment_status":"closed","ping_status":"closed","template":"template-parts\/tpl-flexible.php","meta":{"_acf_changed":false,"inline_featured_image":false,"footnotes":""},"class_list":["post-1319","page","type-page","status-publish","has-post-thumbnail","hentry"],"acf":[],"yoast_head":"<!-- This site is optimized with the Yoast SEO plugin v27.3 - https:\/\/yoast.com\/product\/yoast-seo-wordpress\/ -->\n<title>Contact us | FORLAM - Forge<\/title>\n<meta name=\"robots\" content=\"index, follow, max-snippet:-1, max-image-preview:large, max-video-preview:-1\" \/>\n<link rel=\"canonical\" href=\"https:\/\/forge.forlam-groupe.fr\/en\/contact-us\/\" \/>\n<meta property=\"og:locale\" content=\"en_US\" \/>\n<meta property=\"og:type\" content=\"article\" \/>\n<meta property=\"og:title\" content=\"Contact us | FORLAM - Forge\" \/>\n<meta property=\"og:url\" content=\"https:\/\/forge.forlam-groupe.fr\/en\/contact-us\/\" \/>\n<meta property=\"og:site_name\" content=\"FORLAM - Forge\" \/>\n<meta property=\"article:modified_time\" content=\"2021-09-03T11:46:56+00:00\" \/>\n<meta property=\"og:image\" content=\"https:\/\/forge.forlam-groupe.fr\/wp-content\/uploads\/2021\/04\/banner-intern1.jpg\" \/>\n\t<meta property=\"og:image:width\" content=\"1448\" \/>\n\t<meta property=\"og:image:height\" content=\"813\" \/>\n\t<meta property=\"og:image:type\" content=\"image\/jpeg\" \/>\n<meta name=\"twitter:card\" content=\"summary_large_image\" \/>\n<script type=\"application\/ld+json\" class=\"yoast-schema-graph\">{\"@context\":\"https:\\\/\\\/schema.org\",\"@graph\":[{\"@type\":\"WebPage\",\"@id\":\"https:\\\/\\\/forge.forlam-groupe.fr\\\/en\\\/contact-us\\\/\",\"url\":\"https:\\\/\\\/forge.forlam-groupe.fr\\\/en\\\/contact-us\\\/\",\"name\":\"Contact us | FORLAM - Forge\",\"isPartOf\":{\"@id\":\"https:\\\/\\\/forge.forlam-groupe.fr\\\/en\\\/#website\"},\"primaryImageOfPage\":{\"@id\":\"https:\\\/\\\/forge.forlam-groupe.fr\\\/en\\\/contact-us\\\/#primaryimage\"},\"image\":{\"@id\":\"https:\\\/\\\/forge.forlam-groupe.fr\\\/en\\\/contact-us\\\/#primaryimage\"},\"thumbnailUrl\":\"https:\\\/\\\/forge.forlam-groupe.fr\\\/wp-content\\\/uploads\\\/2021\\\/04\\\/banner-intern1.jpg\",\"datePublished\":\"2021-04-15T15:01:59+00:00\",\"dateModified\":\"2021-09-03T11:46:56+00:00\",\"breadcrumb\":{\"@id\":\"https:\\\/\\\/forge.forlam-groupe.fr\\\/en\\\/contact-us\\\/#breadcrumb\"},\"inLanguage\":\"en-US\",\"potentialAction\":[{\"@type\":\"ReadAction\",\"target\":[\"https:\\\/\\\/forge.forlam-groupe.fr\\\/en\\\/contact-us\\\/\"]}]},{\"@type\":\"ImageObject\",\"inLanguage\":\"en-US\",\"@id\":\"https:\\\/\\\/forge.forlam-groupe.fr\\\/en\\\/contact-us\\\/#primaryimage\",\"url\":\"https:\\\/\\\/forge.forlam-groupe.fr\\\/wp-content\\\/uploads\\\/2021\\\/04\\\/banner-intern1.jpg\",\"contentUrl\":\"https:\\\/\\\/forge.forlam-groupe.fr\\\/wp-content\\\/uploads\\\/2021\\\/04\\\/banner-intern1.jpg\",\"width\":1448,\"height\":813,\"caption\":\"Photo a\u00e9rienne de l'usine Preciforge \u00e0 Thiers, groupe Forlam, France, Fabrication Fran\u00e7aise, Estampage de pr\u00e9cision\"},{\"@type\":\"BreadcrumbList\",\"@id\":\"https:\\\/\\\/forge.forlam-groupe.fr\\\/en\\\/contact-us\\\/#breadcrumb\",\"itemListElement\":[{\"@type\":\"ListItem\",\"position\":1,\"name\":\"Accueil\",\"item\":\"https:\\\/\\\/forge.forlam-groupe.fr\\\/en\\\/\"},{\"@type\":\"ListItem\",\"position\":2,\"name\":\"Contact us\"}]},{\"@type\":\"WebSite\",\"@id\":\"https:\\\/\\\/forge.forlam-groupe.fr\\\/en\\\/#website\",\"url\":\"https:\\\/\\\/forge.forlam-groupe.fr\\\/en\\\/\",\"name\":\"FORLAM - Forge\",\"description\":\"Un site utilisant WordPress\",\"publisher\":{\"@id\":\"https:\\\/\\\/forge.forlam-groupe.fr\\\/en\\\/#organization\"},\"potentialAction\":[{\"@type\":\"SearchAction\",\"target\":{\"@type\":\"EntryPoint\",\"urlTemplate\":\"https:\\\/\\\/forge.forlam-groupe.fr\\\/en\\\/?s={search_term_string}\"},\"query-input\":{\"@type\":\"PropertyValueSpecification\",\"valueRequired\":true,\"valueName\":\"search_term_string\"}}],\"inLanguage\":\"en-US\"},{\"@type\":\"Organization\",\"@id\":\"https:\\\/\\\/forge.forlam-groupe.fr\\\/en\\\/#organization\",\"name\":\"FORLAM FORGE\",\"alternateName\":\"PRECIFORGE - BOURGUIGNON BARRE\",\"url\":\"https:\\\/\\\/forge.forlam-groupe.fr\\\/en\\\/\",\"logo\":{\"@type\":\"ImageObject\",\"inLanguage\":\"en-US\",\"@id\":\"https:\\\/\\\/forge.forlam-groupe.fr\\\/en\\\/#\\\/schema\\\/logo\\\/image\\\/\",\"url\":\"https:\\\/\\\/forge.forlam-groupe.fr\\\/wp-content\\\/uploads\\\/2021\\\/06\\\/Logo-forlam-forge.svg\",\"contentUrl\":\"https:\\\/\\\/forge.forlam-groupe.fr\\\/wp-content\\\/uploads\\\/2021\\\/06\\\/Logo-forlam-forge.svg\",\"width\":\"1024\",\"height\":\"1024\",\"caption\":\"FORLAM FORGE\"},\"image\":{\"@id\":\"https:\\\/\\\/forge.forlam-groupe.fr\\\/en\\\/#\\\/schema\\\/logo\\\/image\\\/\"},\"sameAs\":[\"https:\\\/\\\/www.linkedin.com\\\/company\\\/preciforge\"]}]}<\/script>\n<!-- \/ Yoast SEO plugin. -->","yoast_head_json":{"title":"Contact us | FORLAM - Forge","robots":{"index":"index","follow":"follow","max-snippet":"max-snippet:-1","max-image-preview":"max-image-preview:large","max-video-preview":"max-video-preview:-1"},"canonical":"https:\/\/forge.forlam-groupe.fr\/en\/contact-us\/","og_locale":"en_US","og_type":"article","og_title":"Contact us | FORLAM - Forge","og_url":"https:\/\/forge.forlam-groupe.fr\/en\/contact-us\/","og_site_name":"FORLAM - Forge","article_modified_time":"2021-09-03T11:46:56+00:00","og_image":[{"width":1448,"height":813,"url":"https:\/\/forge.forlam-groupe.fr\/wp-content\/uploads\/2021\/04\/banner-intern1.jpg","type":"image\/jpeg"}],"twitter_card":"summary_large_image","schema":{"@context":"https:\/\/schema.org","@graph":[{"@type":"WebPage","@id":"https:\/\/forge.forlam-groupe.fr\/en\/contact-us\/","url":"https:\/\/forge.forlam-groupe.fr\/en\/contact-us\/","name":"Contact us | FORLAM - Forge","isPartOf":{"@id":"https:\/\/forge.forlam-groupe.fr\/en\/#website"},"primaryImageOfPage":{"@id":"https:\/\/forge.forlam-groupe.fr\/en\/contact-us\/#primaryimage"},"image":{"@id":"https:\/\/forge.forlam-groupe.fr\/en\/contact-us\/#primaryimage"},"thumbnailUrl":"https:\/\/forge.forlam-groupe.fr\/wp-content\/uploads\/2021\/04\/banner-intern1.jpg","datePublished":"2021-04-15T15:01:59+00:00","dateModified":"2021-09-03T11:46:56+00:00","breadcrumb":{"@id":"https:\/\/forge.forlam-groupe.fr\/en\/contact-us\/#breadcrumb"},"inLanguage":"en-US","potentialAction":[{"@type":"ReadAction","target":["https:\/\/forge.forlam-groupe.fr\/en\/contact-us\/"]}]},{"@type":"ImageObject","inLanguage":"en-US","@id":"https:\/\/forge.forlam-groupe.fr\/en\/contact-us\/#primaryimage","url":"https:\/\/forge.forlam-groupe.fr\/wp-content\/uploads\/2021\/04\/banner-intern1.jpg","contentUrl":"https:\/\/forge.forlam-groupe.fr\/wp-content\/uploads\/2021\/04\/banner-intern1.jpg","width":1448,"height":813,"caption":"Photo a\u00e9rienne de l'usine Preciforge \u00e0 Thiers, groupe Forlam, France, Fabrication Fran\u00e7aise, Estampage de pr\u00e9cision"},{"@type":"BreadcrumbList","@id":"https:\/\/forge.forlam-groupe.fr\/en\/contact-us\/#breadcrumb","itemListElement":[{"@type":"ListItem","position":1,"name":"Accueil","item":"https:\/\/forge.forlam-groupe.fr\/en\/"},{"@type":"ListItem","position":2,"name":"Contact us"}]},{"@type":"WebSite","@id":"https:\/\/forge.forlam-groupe.fr\/en\/#website","url":"https:\/\/forge.forlam-groupe.fr\/en\/","name":"FORLAM - Forge","description":"Un site utilisant WordPress","publisher":{"@id":"https:\/\/forge.forlam-groupe.fr\/en\/#organization"},"potentialAction":[{"@type":"SearchAction","target":{"@type":"EntryPoint","urlTemplate":"https:\/\/forge.forlam-groupe.fr\/en\/?s={search_term_string}"},"query-input":{"@type":"PropertyValueSpecification","valueRequired":true,"valueName":"search_term_string"}}],"inLanguage":"en-US"},{"@type":"Organization","@id":"https:\/\/forge.forlam-groupe.fr\/en\/#organization","name":"FORLAM FORGE","alternateName":"PRECIFORGE - BOURGUIGNON BARRE","url":"https:\/\/forge.forlam-groupe.fr\/en\/","logo":{"@type":"ImageObject","inLanguage":"en-US","@id":"https:\/\/forge.forlam-groupe.fr\/en\/#\/schema\/logo\/image\/","url":"https:\/\/forge.forlam-groupe.fr\/wp-content\/uploads\/2021\/06\/Logo-forlam-forge.svg","contentUrl":"https:\/\/forge.forlam-groupe.fr\/wp-content\/uploads\/2021\/06\/Logo-forlam-forge.svg","width":"1024","height":"1024","caption":"FORLAM FORGE"},"image":{"@id":"https:\/\/forge.forlam-groupe.fr\/en\/#\/schema\/logo\/image\/"},"sameAs":["https:\/\/www.linkedin.com\/company\/preciforge"]}]}},"_links":{"self":[{"href":"https:\/\/forge.forlam-groupe.fr\/en\/wp-json\/wp\/v2\/pages\/1319","targetHints":{"allow":["GET"]}}],"collection":[{"href":"https:\/\/forge.forlam-groupe.fr\/en\/wp-json\/wp\/v2\/pages"}],"about":[{"href":"https:\/\/forge.forlam-groupe.fr\/en\/wp-json\/wp\/v2\/types\/page"}],"author":[{"embeddable":true,"href":"https:\/\/forge.forlam-groupe.fr\/en\/wp-json\/wp\/v2\/users\/1"}],"replies":[{"embeddable":true,"href":"https:\/\/forge.forlam-groupe.fr\/en\/wp-json\/wp\/v2\/comments?post=1319"}],"version-history":[{"count":0,"href":"https:\/\/forge.forlam-groupe.fr\/en\/wp-json\/wp\/v2\/pages\/1319\/revisions"}],"wp:featuredmedia":[{"embeddable":true,"href":"https:\/\/forge.forlam-groupe.fr\/en\/wp-json\/wp\/v2\/media\/1292"}],"wp:attachment":[{"href":"https:\/\/forge.forlam-groupe.fr\/en\/wp-json\/wp\/v2\/media?parent=1319"}],"curies":[{"name":"wp","href":"https:\/\/api.w.org\/{rel}","templated":true}]}}