{"id":990,"date":"2021-04-15T17:02:32","date_gmt":"2021-04-15T15:02:32","guid":{"rendered":"https:\/\/forge.forlam-groupe.fr\/nos-engagments\/"},"modified":"2025-03-14T10:19:32","modified_gmt":"2025-03-14T09:19:32","slug":"unsere-verpflichtung","status":"publish","type":"page","link":"https:\/\/forge.forlam-groupe.fr\/de\/unsere-verpflichtung\/","title":{"rendered":"Unsere Verpflichtung"},"content":{"rendered":"<p><strong><span data-sheets-value=\"{&quot;1&quot;:2,&quot;2&quot;:&quot;Um den umwelttechnischen, gesellschaftlichen und ethischen Herausforderungen&quot;}\" data-sheets-userformat=\"{&quot;2&quot;:14337,&quot;3&quot;:{&quot;1&quot;:0,&quot;3&quot;:1},&quot;14&quot;:{&quot;1&quot;:3,&quot;3&quot;:1},&quot;15&quot;:&quot;Arial&quot;,&quot;16&quot;:10}\">Um den umwelttechnischen, gesellschaftlichen und ethischen Herausforderungen<\/span> <span data-sheets-value=\"{&quot;1&quot;:2,&quot;2&quot;:&quot;die in den Vordergrund r\u00fccken, zu begegnen, &quot;}\" data-sheets-userformat=\"{&quot;2&quot;:14337,&quot;3&quot;:{&quot;1&quot;:0,&quot;3&quot;:1},&quot;14&quot;:{&quot;1&quot;:3,&quot;3&quot;:1},&quot;15&quot;:&quot;Arial&quot;,&quot;16&quot;:10}\">die in den Vordergrund r\u00fccken, zu begegnen, <\/span><\/strong> <span data-sheets-value=\"{&quot;1&quot;:2,&quot;2&quot;:&quot;hat FORLAM-SCHMIEDEN ein Programm f\u00fcr gesellschaftliche und \u00f6kologische Verantwortung in seinen beiden Werken ins Leben gerufen.&quot;}\" data-sheets-userformat=\"{&quot;2&quot;:14337,&quot;3&quot;:{&quot;1&quot;:0,&quot;3&quot;:1},&quot;14&quot;:{&quot;1&quot;:3,&quot;3&quot;:1},&quot;15&quot;:&quot;Arial&quot;,&quot;16&quot;:10}\">hat FORLAM-SCHMIEDEN ein Programm f\u00fcr gesellschaftliche und \u00f6kologische Verantwortung in seinen beiden Werken ins Leben gerufen.<\/span> <span data-sheets-value=\"{&quot;1&quot;:2,&quot;2&quot;:&quot;Im Rahmen dieses Programmes, verpflichten wir uns zu&quot;}\" data-sheets-userformat=\"{&quot;2&quot;:14337,&quot;3&quot;:{&quot;1&quot;:0,&quot;3&quot;:1},&quot;14&quot;:{&quot;1&quot;:3,&quot;3&quot;:1},&quot;15&quot;:&quot;Arial&quot;,&quot;16&quot;:10}\">Im Rahmen dieses Programmes, verpflichten wir uns zu<\/span><\/p>\n","protected":false},"excerpt":{"rendered":"<p>Um den umwelttechnischen, gesellschaftlichen und ethischen Herausforderungen die in den Vordergrund r\u00fccken, zu begegnen, hat FORLAM-SCHMIEDEN ein Programm f\u00fcr gesellschaftliche und \u00f6kologische Verantwortung in seinen beiden Werken ins Leben gerufen. Im Rahmen dieses Programmes, verpflichten wir uns zu<\/p>\n","protected":false},"author":1,"featured_media":0,"parent":0,"menu_order":0,"comment_status":"closed","ping_status":"closed","template":"template-parts\/tpl-flexible.php","meta":{"_acf_changed":false,"inline_featured_image":false,"footnotes":""},"class_list":["post-990","page","type-page","status-publish","hentry"],"acf":[],"yoast_head":"<!-- This site is optimized with the Yoast SEO plugin v27.3 - https:\/\/yoast.com\/product\/yoast-seo-wordpress\/ -->\n<title>Unsere Verpflichtung | FORLAM - Forge<\/title>\n<meta name=\"robots\" content=\"index, follow, max-snippet:-1, max-image-preview:large, max-video-preview:-1\" \/>\n<link rel=\"canonical\" href=\"https:\/\/forge.forlam-groupe.fr\/de\/unsere-verpflichtung\/\" \/>\n<meta property=\"og:locale\" content=\"de_DE\" \/>\n<meta property=\"og:type\" content=\"article\" \/>\n<meta property=\"og:title\" content=\"Unsere Verpflichtung | FORLAM - Forge\" \/>\n<meta property=\"og:description\" content=\"Um den umwelttechnischen, gesellschaftlichen und ethischen Herausforderungen die in den Vordergrund r\u00fccken, zu begegnen, hat FORLAM-SCHMIEDEN ein Programm f\u00fcr gesellschaftliche und \u00f6kologische Verantwortung in seinen beiden Werken ins Leben gerufen. Im Rahmen dieses Programmes, verpflichten wir uns zu\" \/>\n<meta property=\"og:url\" content=\"https:\/\/forge.forlam-groupe.fr\/de\/unsere-verpflichtung\/\" \/>\n<meta property=\"og:site_name\" content=\"FORLAM - Forge\" \/>\n<meta property=\"article:modified_time\" content=\"2025-03-14T09:19:32+00:00\" \/>\n<meta name=\"twitter:card\" content=\"summary_large_image\" \/>\n<meta name=\"twitter:label1\" content=\"Gesch\u00e4tzte Lesezeit\" \/>\n\t<meta name=\"twitter:data1\" content=\"1\u00a0Minute\" \/>\n<script type=\"application\/ld+json\" class=\"yoast-schema-graph\">{\"@context\":\"https:\\\/\\\/schema.org\",\"@graph\":[{\"@type\":\"WebPage\",\"@id\":\"https:\\\/\\\/forge.forlam-groupe.fr\\\/de\\\/unsere-verpflichtung\\\/\",\"url\":\"https:\\\/\\\/forge.forlam-groupe.fr\\\/de\\\/unsere-verpflichtung\\\/\",\"name\":\"Unsere Verpflichtung | FORLAM - Forge\",\"isPartOf\":{\"@id\":\"https:\\\/\\\/forge.forlam-groupe.fr\\\/de\\\/#website\"},\"datePublished\":\"2021-04-15T15:02:32+00:00\",\"dateModified\":\"2025-03-14T09:19:32+00:00\",\"breadcrumb\":{\"@id\":\"https:\\\/\\\/forge.forlam-groupe.fr\\\/de\\\/unsere-verpflichtung\\\/#breadcrumb\"},\"inLanguage\":\"de\",\"potentialAction\":[{\"@type\":\"ReadAction\",\"target\":[\"https:\\\/\\\/forge.forlam-groupe.fr\\\/de\\\/unsere-verpflichtung\\\/\"]}]},{\"@type\":\"BreadcrumbList\",\"@id\":\"https:\\\/\\\/forge.forlam-groupe.fr\\\/de\\\/unsere-verpflichtung\\\/#breadcrumb\",\"itemListElement\":[{\"@type\":\"ListItem\",\"position\":1,\"name\":\"Accueil\",\"item\":\"https:\\\/\\\/forge.forlam-groupe.fr\\\/de\\\/\"},{\"@type\":\"ListItem\",\"position\":2,\"name\":\"Unsere Verpflichtung\"}]},{\"@type\":\"WebSite\",\"@id\":\"https:\\\/\\\/forge.forlam-groupe.fr\\\/de\\\/#website\",\"url\":\"https:\\\/\\\/forge.forlam-groupe.fr\\\/de\\\/\",\"name\":\"FORLAM - Forge\",\"description\":\"Un site utilisant WordPress\",\"publisher\":{\"@id\":\"https:\\\/\\\/forge.forlam-groupe.fr\\\/de\\\/#organization\"},\"potentialAction\":[{\"@type\":\"SearchAction\",\"target\":{\"@type\":\"EntryPoint\",\"urlTemplate\":\"https:\\\/\\\/forge.forlam-groupe.fr\\\/de\\\/?s={search_term_string}\"},\"query-input\":{\"@type\":\"PropertyValueSpecification\",\"valueRequired\":true,\"valueName\":\"search_term_string\"}}],\"inLanguage\":\"de\"},{\"@type\":\"Organization\",\"@id\":\"https:\\\/\\\/forge.forlam-groupe.fr\\\/de\\\/#organization\",\"name\":\"FORLAM FORGE\",\"alternateName\":\"PRECIFORGE - BOURGUIGNON BARRE\",\"url\":\"https:\\\/\\\/forge.forlam-groupe.fr\\\/de\\\/\",\"logo\":{\"@type\":\"ImageObject\",\"inLanguage\":\"de\",\"@id\":\"https:\\\/\\\/forge.forlam-groupe.fr\\\/de\\\/#\\\/schema\\\/logo\\\/image\\\/\",\"url\":\"https:\\\/\\\/forge.forlam-groupe.fr\\\/wp-content\\\/uploads\\\/2021\\\/06\\\/Logo-forlam-forge.svg\",\"contentUrl\":\"https:\\\/\\\/forge.forlam-groupe.fr\\\/wp-content\\\/uploads\\\/2021\\\/06\\\/Logo-forlam-forge.svg\",\"width\":\"1024\",\"height\":\"1024\",\"caption\":\"FORLAM FORGE\"},\"image\":{\"@id\":\"https:\\\/\\\/forge.forlam-groupe.fr\\\/de\\\/#\\\/schema\\\/logo\\\/image\\\/\"},\"sameAs\":[\"https:\\\/\\\/www.linkedin.com\\\/company\\\/preciforge\"]}]}<\/script>\n<!-- \/ Yoast SEO plugin. -->","yoast_head_json":{"title":"Unsere Verpflichtung | FORLAM - Forge","robots":{"index":"index","follow":"follow","max-snippet":"max-snippet:-1","max-image-preview":"max-image-preview:large","max-video-preview":"max-video-preview:-1"},"canonical":"https:\/\/forge.forlam-groupe.fr\/de\/unsere-verpflichtung\/","og_locale":"de_DE","og_type":"article","og_title":"Unsere Verpflichtung | FORLAM - Forge","og_description":"Um den umwelttechnischen, gesellschaftlichen und ethischen Herausforderungen die in den Vordergrund r\u00fccken, zu begegnen, hat FORLAM-SCHMIEDEN ein Programm f\u00fcr gesellschaftliche und \u00f6kologische Verantwortung in seinen beiden Werken ins Leben gerufen. Im Rahmen dieses Programmes, verpflichten wir uns zu","og_url":"https:\/\/forge.forlam-groupe.fr\/de\/unsere-verpflichtung\/","og_site_name":"FORLAM - Forge","article_modified_time":"2025-03-14T09:19:32+00:00","twitter_card":"summary_large_image","twitter_misc":{"Gesch\u00e4tzte Lesezeit":"1\u00a0Minute"},"schema":{"@context":"https:\/\/schema.org","@graph":[{"@type":"WebPage","@id":"https:\/\/forge.forlam-groupe.fr\/de\/unsere-verpflichtung\/","url":"https:\/\/forge.forlam-groupe.fr\/de\/unsere-verpflichtung\/","name":"Unsere Verpflichtung | FORLAM - Forge","isPartOf":{"@id":"https:\/\/forge.forlam-groupe.fr\/de\/#website"},"datePublished":"2021-04-15T15:02:32+00:00","dateModified":"2025-03-14T09:19:32+00:00","breadcrumb":{"@id":"https:\/\/forge.forlam-groupe.fr\/de\/unsere-verpflichtung\/#breadcrumb"},"inLanguage":"de","potentialAction":[{"@type":"ReadAction","target":["https:\/\/forge.forlam-groupe.fr\/de\/unsere-verpflichtung\/"]}]},{"@type":"BreadcrumbList","@id":"https:\/\/forge.forlam-groupe.fr\/de\/unsere-verpflichtung\/#breadcrumb","itemListElement":[{"@type":"ListItem","position":1,"name":"Accueil","item":"https:\/\/forge.forlam-groupe.fr\/de\/"},{"@type":"ListItem","position":2,"name":"Unsere Verpflichtung"}]},{"@type":"WebSite","@id":"https:\/\/forge.forlam-groupe.fr\/de\/#website","url":"https:\/\/forge.forlam-groupe.fr\/de\/","name":"FORLAM - Forge","description":"Un site utilisant WordPress","publisher":{"@id":"https:\/\/forge.forlam-groupe.fr\/de\/#organization"},"potentialAction":[{"@type":"SearchAction","target":{"@type":"EntryPoint","urlTemplate":"https:\/\/forge.forlam-groupe.fr\/de\/?s={search_term_string}"},"query-input":{"@type":"PropertyValueSpecification","valueRequired":true,"valueName":"search_term_string"}}],"inLanguage":"de"},{"@type":"Organization","@id":"https:\/\/forge.forlam-groupe.fr\/de\/#organization","name":"FORLAM FORGE","alternateName":"PRECIFORGE - BOURGUIGNON BARRE","url":"https:\/\/forge.forlam-groupe.fr\/de\/","logo":{"@type":"ImageObject","inLanguage":"de","@id":"https:\/\/forge.forlam-groupe.fr\/de\/#\/schema\/logo\/image\/","url":"https:\/\/forge.forlam-groupe.fr\/wp-content\/uploads\/2021\/06\/Logo-forlam-forge.svg","contentUrl":"https:\/\/forge.forlam-groupe.fr\/wp-content\/uploads\/2021\/06\/Logo-forlam-forge.svg","width":"1024","height":"1024","caption":"FORLAM FORGE"},"image":{"@id":"https:\/\/forge.forlam-groupe.fr\/de\/#\/schema\/logo\/image\/"},"sameAs":["https:\/\/www.linkedin.com\/company\/preciforge"]}]}},"_links":{"self":[{"href":"https:\/\/forge.forlam-groupe.fr\/de\/wp-json\/wp\/v2\/pages\/990","targetHints":{"allow":["GET"]}}],"collection":[{"href":"https:\/\/forge.forlam-groupe.fr\/de\/wp-json\/wp\/v2\/pages"}],"about":[{"href":"https:\/\/forge.forlam-groupe.fr\/de\/wp-json\/wp\/v2\/types\/page"}],"author":[{"embeddable":true,"href":"https:\/\/forge.forlam-groupe.fr\/de\/wp-json\/wp\/v2\/users\/1"}],"replies":[{"embeddable":true,"href":"https:\/\/forge.forlam-groupe.fr\/de\/wp-json\/wp\/v2\/comments?post=990"}],"version-history":[{"count":0,"href":"https:\/\/forge.forlam-groupe.fr\/de\/wp-json\/wp\/v2\/pages\/990\/revisions"}],"wp:attachment":[{"href":"https:\/\/forge.forlam-groupe.fr\/de\/wp-json\/wp\/v2\/media?parent=990"}],"curies":[{"name":"wp","href":"https:\/\/api.w.org\/{rel}","templated":true}]}}