{"id":1152,"date":"2021-04-13T20:52:11","date_gmt":"2021-04-13T18:52:11","guid":{"rendered":"https:\/\/forge.forlam-groupe.fr\/nos-produits\/"},"modified":"2025-09-25T15:29:35","modified_gmt":"2025-09-25T13:29:35","slug":"geschmiedeten-und-bearbeiteten-produkte","status":"publish","type":"page","link":"https:\/\/forge.forlam-groupe.fr\/de\/geschmiedeten-und-bearbeiteten-produkte\/","title":{"rendered":"Geschmiedeten und Bearbeiteten Produkte"},"content":{"rendered":"","protected":false},"excerpt":{"rendered":"","protected":false},"author":1,"featured_media":1153,"parent":0,"menu_order":0,"comment_status":"closed","ping_status":"closed","template":"template-parts\/tpl-produits.php","meta":{"_acf_changed":false,"inline_featured_image":false,"footnotes":""},"class_list":["post-1152","page","type-page","status-publish","has-post-thumbnail","hentry"],"acf":[],"yoast_head":"<!-- This site is optimized with the Yoast SEO plugin v27.3 - https:\/\/yoast.com\/product\/yoast-seo-wordpress\/ -->\n<title>Geschmiedeten und Bearbeiteten Produkte | FORLAM - Forge<\/title>\n<meta name=\"description\" content=\"Entdecken Sie unsere geschmiedeten und bearbeiteten Produkte Forlam Forge von der Kleinserie bis zur Gro\u00dfserie\" \/>\n<meta name=\"robots\" content=\"index, follow, max-snippet:-1, max-image-preview:large, max-video-preview:-1\" \/>\n<link rel=\"canonical\" href=\"https:\/\/forge.forlam-groupe.fr\/de\/geschmiedeten-und-bearbeiteten-produkte\/\" \/>\n<meta property=\"og:locale\" content=\"de_DE\" \/>\n<meta property=\"og:type\" content=\"article\" \/>\n<meta property=\"og:title\" content=\"Geschmiedeten und Bearbeiteten Produkte | FORLAM - Forge\" \/>\n<meta property=\"og:description\" content=\"Entdecken Sie unsere geschmiedeten und bearbeiteten Produkte Forlam Forge von der Kleinserie bis zur Gro\u00dfserie\" \/>\n<meta property=\"og:url\" content=\"https:\/\/forge.forlam-groupe.fr\/de\/geschmiedeten-und-bearbeiteten-produkte\/\" \/>\n<meta property=\"og:site_name\" content=\"FORLAM - Forge\" \/>\n<meta property=\"article:modified_time\" content=\"2025-09-25T13:29:35+00:00\" \/>\n<meta property=\"og:image\" content=\"https:\/\/forge.forlam-groupe.fr\/wp-content\/uploads\/2021\/04\/draft-piece.png\" \/>\n\t<meta property=\"og:image:width\" content=\"643\" \/>\n\t<meta property=\"og:image:height\" content=\"873\" \/>\n\t<meta property=\"og:image:type\" content=\"image\/png\" \/>\n<meta name=\"twitter:card\" content=\"summary_large_image\" \/>\n<meta name=\"twitter:label1\" content=\"Gesch\u00e4tzte Lesezeit\" \/>\n\t<meta name=\"twitter:data1\" content=\"1\u00a0Minute\" \/>\n<script type=\"application\/ld+json\" class=\"yoast-schema-graph\">{\"@context\":\"https:\\\/\\\/schema.org\",\"@graph\":[{\"@type\":\"WebPage\",\"@id\":\"https:\\\/\\\/forge.forlam-groupe.fr\\\/de\\\/geschmiedeten-und-bearbeiteten-produkte\\\/\",\"url\":\"https:\\\/\\\/forge.forlam-groupe.fr\\\/de\\\/geschmiedeten-und-bearbeiteten-produkte\\\/\",\"name\":\"Geschmiedeten und Bearbeiteten Produkte | FORLAM - Forge\",\"isPartOf\":{\"@id\":\"https:\\\/\\\/forge.forlam-groupe.fr\\\/de\\\/#website\"},\"primaryImageOfPage\":{\"@id\":\"https:\\\/\\\/forge.forlam-groupe.fr\\\/de\\\/geschmiedeten-und-bearbeiteten-produkte\\\/#primaryimage\"},\"image\":{\"@id\":\"https:\\\/\\\/forge.forlam-groupe.fr\\\/de\\\/geschmiedeten-und-bearbeiteten-produkte\\\/#primaryimage\"},\"thumbnailUrl\":\"https:\\\/\\\/forge.forlam-groupe.fr\\\/wp-content\\\/uploads\\\/2021\\\/04\\\/draft-piece.png\",\"datePublished\":\"2021-04-13T18:52:11+00:00\",\"dateModified\":\"2025-09-25T13:29:35+00:00\",\"description\":\"Entdecken Sie unsere geschmiedeten und bearbeiteten Produkte Forlam Forge von der Kleinserie bis zur Gro\u00dfserie\",\"breadcrumb\":{\"@id\":\"https:\\\/\\\/forge.forlam-groupe.fr\\\/de\\\/geschmiedeten-und-bearbeiteten-produkte\\\/#breadcrumb\"},\"inLanguage\":\"de\",\"potentialAction\":[{\"@type\":\"ReadAction\",\"target\":[\"https:\\\/\\\/forge.forlam-groupe.fr\\\/de\\\/geschmiedeten-und-bearbeiteten-produkte\\\/\"]}]},{\"@type\":\"ImageObject\",\"inLanguage\":\"de\",\"@id\":\"https:\\\/\\\/forge.forlam-groupe.fr\\\/de\\\/geschmiedeten-und-bearbeiteten-produkte\\\/#primaryimage\",\"url\":\"https:\\\/\\\/forge.forlam-groupe.fr\\\/wp-content\\\/uploads\\\/2021\\\/04\\\/draft-piece.png\",\"contentUrl\":\"https:\\\/\\\/forge.forlam-groupe.fr\\\/wp-content\\\/uploads\\\/2021\\\/04\\\/draft-piece.png\",\"width\":643,\"height\":873,\"caption\":\"Estampage de pr\u00e9cision et outillages, Bourguignon Barr\u00e9, Forlam Forge groupe Forlam, Fabricant Fran\u00e7ais France\"},{\"@type\":\"BreadcrumbList\",\"@id\":\"https:\\\/\\\/forge.forlam-groupe.fr\\\/de\\\/geschmiedeten-und-bearbeiteten-produkte\\\/#breadcrumb\",\"itemListElement\":[{\"@type\":\"ListItem\",\"position\":1,\"name\":\"Accueil\",\"item\":\"https:\\\/\\\/forge.forlam-groupe.fr\\\/de\\\/\"},{\"@type\":\"ListItem\",\"position\":2,\"name\":\"Geschmiedeten und Bearbeiteten Produkte\"}]},{\"@type\":\"WebSite\",\"@id\":\"https:\\\/\\\/forge.forlam-groupe.fr\\\/de\\\/#website\",\"url\":\"https:\\\/\\\/forge.forlam-groupe.fr\\\/de\\\/\",\"name\":\"FORLAM - Forge\",\"description\":\"Un site utilisant WordPress\",\"publisher\":{\"@id\":\"https:\\\/\\\/forge.forlam-groupe.fr\\\/de\\\/#organization\"},\"potentialAction\":[{\"@type\":\"SearchAction\",\"target\":{\"@type\":\"EntryPoint\",\"urlTemplate\":\"https:\\\/\\\/forge.forlam-groupe.fr\\\/de\\\/?s={search_term_string}\"},\"query-input\":{\"@type\":\"PropertyValueSpecification\",\"valueRequired\":true,\"valueName\":\"search_term_string\"}}],\"inLanguage\":\"de\"},{\"@type\":\"Organization\",\"@id\":\"https:\\\/\\\/forge.forlam-groupe.fr\\\/de\\\/#organization\",\"name\":\"FORLAM FORGE\",\"alternateName\":\"PRECIFORGE - BOURGUIGNON BARRE\",\"url\":\"https:\\\/\\\/forge.forlam-groupe.fr\\\/de\\\/\",\"logo\":{\"@type\":\"ImageObject\",\"inLanguage\":\"de\",\"@id\":\"https:\\\/\\\/forge.forlam-groupe.fr\\\/de\\\/#\\\/schema\\\/logo\\\/image\\\/\",\"url\":\"https:\\\/\\\/forge.forlam-groupe.fr\\\/wp-content\\\/uploads\\\/2021\\\/06\\\/Logo-forlam-forge.svg\",\"contentUrl\":\"https:\\\/\\\/forge.forlam-groupe.fr\\\/wp-content\\\/uploads\\\/2021\\\/06\\\/Logo-forlam-forge.svg\",\"width\":\"1024\",\"height\":\"1024\",\"caption\":\"FORLAM FORGE\"},\"image\":{\"@id\":\"https:\\\/\\\/forge.forlam-groupe.fr\\\/de\\\/#\\\/schema\\\/logo\\\/image\\\/\"},\"sameAs\":[\"https:\\\/\\\/www.linkedin.com\\\/company\\\/preciforge\"]}]}<\/script>\n<!-- \/ Yoast SEO plugin. -->","yoast_head_json":{"title":"Geschmiedeten und Bearbeiteten Produkte | FORLAM - Forge","description":"Entdecken Sie unsere geschmiedeten und bearbeiteten Produkte Forlam Forge von der Kleinserie bis zur Gro\u00dfserie","robots":{"index":"index","follow":"follow","max-snippet":"max-snippet:-1","max-image-preview":"max-image-preview:large","max-video-preview":"max-video-preview:-1"},"canonical":"https:\/\/forge.forlam-groupe.fr\/de\/geschmiedeten-und-bearbeiteten-produkte\/","og_locale":"de_DE","og_type":"article","og_title":"Geschmiedeten und Bearbeiteten Produkte | FORLAM - Forge","og_description":"Entdecken Sie unsere geschmiedeten und bearbeiteten Produkte Forlam Forge von der Kleinserie bis zur Gro\u00dfserie","og_url":"https:\/\/forge.forlam-groupe.fr\/de\/geschmiedeten-und-bearbeiteten-produkte\/","og_site_name":"FORLAM - Forge","article_modified_time":"2025-09-25T13:29:35+00:00","og_image":[{"width":643,"height":873,"url":"https:\/\/forge.forlam-groupe.fr\/wp-content\/uploads\/2021\/04\/draft-piece.png","type":"image\/png"}],"twitter_card":"summary_large_image","twitter_misc":{"Gesch\u00e4tzte Lesezeit":"1\u00a0Minute"},"schema":{"@context":"https:\/\/schema.org","@graph":[{"@type":"WebPage","@id":"https:\/\/forge.forlam-groupe.fr\/de\/geschmiedeten-und-bearbeiteten-produkte\/","url":"https:\/\/forge.forlam-groupe.fr\/de\/geschmiedeten-und-bearbeiteten-produkte\/","name":"Geschmiedeten und Bearbeiteten Produkte | FORLAM - Forge","isPartOf":{"@id":"https:\/\/forge.forlam-groupe.fr\/de\/#website"},"primaryImageOfPage":{"@id":"https:\/\/forge.forlam-groupe.fr\/de\/geschmiedeten-und-bearbeiteten-produkte\/#primaryimage"},"image":{"@id":"https:\/\/forge.forlam-groupe.fr\/de\/geschmiedeten-und-bearbeiteten-produkte\/#primaryimage"},"thumbnailUrl":"https:\/\/forge.forlam-groupe.fr\/wp-content\/uploads\/2021\/04\/draft-piece.png","datePublished":"2021-04-13T18:52:11+00:00","dateModified":"2025-09-25T13:29:35+00:00","description":"Entdecken Sie unsere geschmiedeten und bearbeiteten Produkte Forlam Forge von der Kleinserie bis zur Gro\u00dfserie","breadcrumb":{"@id":"https:\/\/forge.forlam-groupe.fr\/de\/geschmiedeten-und-bearbeiteten-produkte\/#breadcrumb"},"inLanguage":"de","potentialAction":[{"@type":"ReadAction","target":["https:\/\/forge.forlam-groupe.fr\/de\/geschmiedeten-und-bearbeiteten-produkte\/"]}]},{"@type":"ImageObject","inLanguage":"de","@id":"https:\/\/forge.forlam-groupe.fr\/de\/geschmiedeten-und-bearbeiteten-produkte\/#primaryimage","url":"https:\/\/forge.forlam-groupe.fr\/wp-content\/uploads\/2021\/04\/draft-piece.png","contentUrl":"https:\/\/forge.forlam-groupe.fr\/wp-content\/uploads\/2021\/04\/draft-piece.png","width":643,"height":873,"caption":"Estampage de pr\u00e9cision et outillages, Bourguignon Barr\u00e9, Forlam Forge groupe Forlam, Fabricant Fran\u00e7ais France"},{"@type":"BreadcrumbList","@id":"https:\/\/forge.forlam-groupe.fr\/de\/geschmiedeten-und-bearbeiteten-produkte\/#breadcrumb","itemListElement":[{"@type":"ListItem","position":1,"name":"Accueil","item":"https:\/\/forge.forlam-groupe.fr\/de\/"},{"@type":"ListItem","position":2,"name":"Geschmiedeten und Bearbeiteten Produkte"}]},{"@type":"WebSite","@id":"https:\/\/forge.forlam-groupe.fr\/de\/#website","url":"https:\/\/forge.forlam-groupe.fr\/de\/","name":"FORLAM - Forge","description":"Un site utilisant WordPress","publisher":{"@id":"https:\/\/forge.forlam-groupe.fr\/de\/#organization"},"potentialAction":[{"@type":"SearchAction","target":{"@type":"EntryPoint","urlTemplate":"https:\/\/forge.forlam-groupe.fr\/de\/?s={search_term_string}"},"query-input":{"@type":"PropertyValueSpecification","valueRequired":true,"valueName":"search_term_string"}}],"inLanguage":"de"},{"@type":"Organization","@id":"https:\/\/forge.forlam-groupe.fr\/de\/#organization","name":"FORLAM FORGE","alternateName":"PRECIFORGE - BOURGUIGNON BARRE","url":"https:\/\/forge.forlam-groupe.fr\/de\/","logo":{"@type":"ImageObject","inLanguage":"de","@id":"https:\/\/forge.forlam-groupe.fr\/de\/#\/schema\/logo\/image\/","url":"https:\/\/forge.forlam-groupe.fr\/wp-content\/uploads\/2021\/06\/Logo-forlam-forge.svg","contentUrl":"https:\/\/forge.forlam-groupe.fr\/wp-content\/uploads\/2021\/06\/Logo-forlam-forge.svg","width":"1024","height":"1024","caption":"FORLAM FORGE"},"image":{"@id":"https:\/\/forge.forlam-groupe.fr\/de\/#\/schema\/logo\/image\/"},"sameAs":["https:\/\/www.linkedin.com\/company\/preciforge"]}]}},"_links":{"self":[{"href":"https:\/\/forge.forlam-groupe.fr\/de\/wp-json\/wp\/v2\/pages\/1152","targetHints":{"allow":["GET"]}}],"collection":[{"href":"https:\/\/forge.forlam-groupe.fr\/de\/wp-json\/wp\/v2\/pages"}],"about":[{"href":"https:\/\/forge.forlam-groupe.fr\/de\/wp-json\/wp\/v2\/types\/page"}],"author":[{"embeddable":true,"href":"https:\/\/forge.forlam-groupe.fr\/de\/wp-json\/wp\/v2\/users\/1"}],"replies":[{"embeddable":true,"href":"https:\/\/forge.forlam-groupe.fr\/de\/wp-json\/wp\/v2\/comments?post=1152"}],"version-history":[{"count":4,"href":"https:\/\/forge.forlam-groupe.fr\/de\/wp-json\/wp\/v2\/pages\/1152\/revisions"}],"predecessor-version":[{"id":4034,"href":"https:\/\/forge.forlam-groupe.fr\/de\/wp-json\/wp\/v2\/pages\/1152\/revisions\/4034"}],"wp:featuredmedia":[{"embeddable":true,"href":"https:\/\/forge.forlam-groupe.fr\/de\/wp-json\/wp\/v2\/media\/1153"}],"wp:attachment":[{"href":"https:\/\/forge.forlam-groupe.fr\/de\/wp-json\/wp\/v2\/media?parent=1152"}],"curies":[{"name":"wp","href":"https:\/\/api.w.org\/{rel}","templated":true}]}}