{"id":1000,"date":"2021-04-15T17:14:07","date_gmt":"2021-04-15T15:14:07","guid":{"rendered":"https:\/\/forge.forlam-groupe.fr\/mentions-legales\/"},"modified":"2021-08-04T12:01:09","modified_gmt":"2021-08-04T10:01:09","slug":"mentions-legales","status":"publish","type":"page","link":"https:\/\/forge.forlam-groupe.fr\/de\/mentions-legales\/","title":{"rendered":"Impressum"},"content":{"rendered":"\r\n<h2><span data-sheets-value=\"{&quot;1&quot;:2,&quot;2&quot;:&quot;GEHEIMHALTUNG&quot;}\" data-sheets-userformat=\"{&quot;2&quot;:12289,&quot;3&quot;:{&quot;1&quot;:0,&quot;3&quot;:1},&quot;15&quot;:&quot;Arial&quot;,&quot;16&quot;:10}\">GEHEIMHALTUNG<\/span><\/h2>\r\n<p><span data-sheets-value=\"{&quot;1&quot;:2,&quot;2&quot;:&quot;Der FORLAM Konzern speichert keine pers\u00f6nlichen Daten die eine Identifikation erlauben w\u00fcrden, &quot;}\" data-sheets-userformat=\"{&quot;2&quot;:14337,&quot;3&quot;:{&quot;1&quot;:0,&quot;3&quot;:1},&quot;14&quot;:{&quot;1&quot;:3,&quot;3&quot;:1},&quot;15&quot;:&quot;Arial&quot;,&quot;16&quot;:10}\">Der FORLAM Konzern speichert keine pers\u00f6nlichen Daten die eine Identifikation erlauben w\u00fcrden, vom Benutzer selbst ausgef\u00fcllte Formulare sind ausgenommen. <\/span> <span data-sheets-value=\"{&quot;1&quot;:2,&quot;2&quot;:&quot;Diese Informationen werden nicht ohne Zustimmung der betroffenen Person genutzt. Diese Informationen werden ausschliesslich zur Entsendung von Briefern, &quot;}\" data-sheets-userformat=\"{&quot;2&quot;:14337,&quot;3&quot;:{&quot;1&quot;:0,&quot;3&quot;:1},&quot;14&quot;:{&quot;1&quot;:3,&quot;3&quot;:1},&quot;15&quot;:&quot;Arial&quot;,&quot;16&quot;:10}\">Diese Informationen werden nicht ohne Zustimmung der betroffenen Person genutzt. Diese Informationen werden ausschliesslich zur Entsendung von Briefern, <\/span> <span data-sheets-value=\"{&quot;1&quot;:2,&quot;2&quot;:&quot;Angeboten genutzt oder um diese Person zu kontaktieren. Alle von dieser Website gesammelten Informationen unterliegen dem franz\u00f6sischen&quot;}\" data-sheets-userformat=\"{&quot;2&quot;:12289,&quot;3&quot;:{&quot;1&quot;:0,&quot;3&quot;:1},&quot;15&quot;:&quot;Arial&quot;,&quot;16&quot;:10}\">Angeboten genutzt oder um diese Person zu kontaktieren. Alle von dieser Website gesammelten Informationen unterliegen dem franz\u00f6sischen Gesetz f\u00fcr Datenschutzrecht und Freiheit N\u00b0 78-17 vom 06.1.1978.<\/span> <span data-sheets-value=\"{&quot;1&quot;:2,&quot;2&quot;:&quot;Die Benutzer haben Recht auf Zugang und Berichtigung der entsprechenden Daten, ein Widerspruchsrecht und&quot;}\" data-sheets-userformat=\"{&quot;2&quot;:12289,&quot;3&quot;:{&quot;1&quot;:0,&quot;3&quot;:1},&quot;15&quot;:&quot;Arial&quot;,&quot;16&quot;:10}\">Die Benutzer haben Recht auf Zugang und Berichtigung der entsprechenden Daten, ein Widerspruchsrecht und<\/span> <span data-sheets-value=\"{&quot;1&quot;:2,&quot;2&quot;:&quot;ein Recht auf L\u00f6schung der entsprechenden Daten auf Anfrage an den Konzern FORLAM (23, Rue Tramassac, F-69005 Lyon).&quot;}\" data-sheets-userformat=\"{&quot;2&quot;:14337,&quot;3&quot;:{&quot;1&quot;:0,&quot;3&quot;:1},&quot;14&quot;:{&quot;1&quot;:3,&quot;3&quot;:1},&quot;15&quot;:&quot;Arial&quot;,&quot;16&quot;:10}\">ein Recht auf L\u00f6schung der entsprechenden Daten auf Anfrage an den Konzern <strong>FORLAM<\/strong> (23, Rue Tramassac, F-69005 Lyon).<\/span> <span data-sheets-value=\"{&quot;1&quot;:2,&quot;2&quot;:&quot;Anhand des Kontaktformulars k\u00f6nnen statistische Analysen erstellt werden, mit namenloser Auswertung.&quot;}\" data-sheets-userformat=\"{&quot;2&quot;:14337,&quot;3&quot;:{&quot;1&quot;:0,&quot;3&quot;:1},&quot;14&quot;:{&quot;1&quot;:3,&quot;3&quot;:1},&quot;15&quot;:&quot;Arial&quot;,&quot;16&quot;:10}\">Anhand des Kontaktformulars k\u00f6nnen statistische Analysen erstellt werden, mit namenloser Auswertung.<\/span> <span data-sheets-value=\"{&quot;1&quot;:2,&quot;2&quot;:&quot;Nicht namentliche Informationen k\u00f6nnen an Dritte ( wie zum Beispiel Bewertungstellen) weitergeleitet werden. &quot;}\" data-sheets-userformat=\"{&quot;2&quot;:14463,&quot;3&quot;:{&quot;1&quot;:0,&quot;3&quot;:1},&quot;4&quot;:[null,2,16777215],&quot;5&quot;:{&quot;1&quot;:[{&quot;1&quot;:2,&quot;2&quot;:0,&quot;5&quot;:{&quot;1&quot;:0}},{&quot;1&quot;:0,&quot;2&quot;:0,&quot;3&quot;:3},{&quot;1&quot;:1,&quot;2&quot;:0,&quot;4&quot;:1}]},&quot;6&quot;:{&quot;1&quot;:[{&quot;1&quot;:2,&quot;2&quot;:0,&quot;5&quot;:{&quot;1&quot;:0}},{&quot;1&quot;:0,&quot;2&quot;:0,&quot;3&quot;:3},{&quot;1&quot;:1,&quot;2&quot;:0,&quot;4&quot;:1}]},&quot;7&quot;:{&quot;1&quot;:[{&quot;1&quot;:2,&quot;2&quot;:0,&quot;5&quot;:{&quot;1&quot;:0}},{&quot;1&quot;:0,&quot;2&quot;:0,&quot;3&quot;:3},{&quot;1&quot;:1,&quot;2&quot;:0,&quot;4&quot;:1}]},&quot;8&quot;:{&quot;1&quot;:[{&quot;1&quot;:2,&quot;2&quot;:0,&quot;5&quot;:{&quot;1&quot;:0}},{&quot;1&quot;:0,&quot;2&quot;:0,&quot;3&quot;:3},{&quot;1&quot;:1,&quot;2&quot;:0,&quot;4&quot;:1}]},&quot;9&quot;:0,&quot;14&quot;:[null,2,0],&quot;15&quot;:&quot;Arial&quot;,&quot;16&quot;:10}\">Nicht namentliche Informationen k\u00f6nnen an Dritte ( wie zum Beispiel Bewertungstellen) weitergeleitet werden. <\/span><\/p>\r\n<h2><span data-sheets-value=\"{&quot;1&quot;:2,&quot;2&quot;:&quot;EINSATZ VON COOKIES&quot;}\" data-sheets-userformat=\"{&quot;2&quot;:14337,&quot;3&quot;:{&quot;1&quot;:0,&quot;3&quot;:1},&quot;14&quot;:{&quot;1&quot;:3,&quot;3&quot;:1},&quot;15&quot;:&quot;Arial&quot;,&quot;16&quot;:10}\">EINSATZ VON COOKIES<\/span><\/h2>\r\n<p><span data-sheets-value=\"{&quot;1&quot;:2,&quot;2&quot;:&quot;Die verschiedenen Bilddarstellungen der Website bed\u00fcrfen Einsatz von Cookies.&quot;}\" data-sheets-userformat=\"{&quot;2&quot;:12289,&quot;3&quot;:{&quot;1&quot;:0,&quot;3&quot;:1},&quot;15&quot;:&quot;Arial&quot;,&quot;16&quot;:10}\">Die verschiedenen Bilddarstellungen der Website bed\u00fcrfen Einsatz von Cookies.<\/span> <span data-sheets-value=\"{&quot;1&quot;:2,&quot;2&quot;:&quot;Nicht personenbezogene Daten werden durch dieses System gespeichert. (Textfiles werden eingesetzt&quot;}\" data-sheets-userformat=\"{&quot;2&quot;:12289,&quot;3&quot;:{&quot;1&quot;:0,&quot;3&quot;:1},&quot;15&quot;:&quot;Arial&quot;,&quot;16&quot;:10}\">Nicht personenbezogene Daten werden durch dieses System gespeichert. (Textfiles werden eingesetzt<\/span> <span data-sheets-value=\"{&quot;1&quot;:2,&quot;2&quot;:&quot;um einen Benutzer zu erkennen und somit die Benutzerfreundlichkeit zu optimieren).&quot;}\" data-sheets-userformat=\"{&quot;2&quot;:14337,&quot;3&quot;:{&quot;1&quot;:0,&quot;3&quot;:1},&quot;14&quot;:{&quot;1&quot;:3,&quot;3&quot;:1},&quot;15&quot;:&quot;Arial&quot;,&quot;16&quot;:10}\">um einen Benutzer zu erkennen und somit die Benutzerfreundlichkeit zu optimieren).<\/span> <span data-sheets-value=\"{&quot;1&quot;:2,&quot;2&quot;:&quot;Diese Cookies haben keinerlei weitere Bedeutung ausserhalb der Benutzung der Website : http:\/\/forge.forlam-groupe.fr.&quot;}\" data-sheets-userformat=\"{&quot;2&quot;:12289,&quot;3&quot;:{&quot;1&quot;:0,&quot;3&quot;:1},&quot;15&quot;:&quot;Arial&quot;,&quot;16&quot;:10}\" data-sheets-hyperlink=\"http:\/\/forge.forlam-groupe.fr\/\" data-sheets-textstyleruns=\"{&quot;1&quot;:0}\uee10[null,87,{&quot;2&quot;:[null,2,1136076],&quot;3&quot;:&quot;Arial&quot;,&quot;4&quot;:10,&quot;9&quot;:1}]\uee10[null,116,[null,null,[null,2,0],&quot;Arial&quot;,10]]\"><a class=\"in-cell-link\" href=\"http:\/\/forge.forlam-groupe.fr\/\" target=\"_blank\" rel=\"noopener\">Diese Cookies haben keinerlei weitere Bedeutung ausserhalb der Benutzung der Website : http:\/\/forge.forlam-groupe.fr.<\/a><\/span><\/p>\r\n<h2><span data-sheets-value=\"{&quot;1&quot;:2,&quot;2&quot;:&quot;LINKS\/VERBINDUNGEN ODER HYPERLINKS&quot;}\" data-sheets-userformat=\"{&quot;2&quot;:14337,&quot;3&quot;:{&quot;1&quot;:0,&quot;3&quot;:1},&quot;14&quot;:{&quot;1&quot;:3,&quot;3&quot;:1},&quot;15&quot;:&quot;Arial&quot;,&quot;16&quot;:10}\">LINKS\/VERBINDUNGEN ODER HYPERLINKS<\/span><\/h2>\r\n<p><span data-sheets-value=\"{&quot;1&quot;:2,&quot;2&quot;:&quot;Der Forlam Konzern kontrolliert die mit seiner Website verbundenen Sites nicht und ist somit auch nicht f\u00fcr deren Inhalt verantwortlich.&quot;}\" data-sheets-userformat=\"{&quot;2&quot;:12289,&quot;3&quot;:{&quot;1&quot;:0,&quot;3&quot;:1},&quot;15&quot;:&quot;Arial&quot;,&quot;16&quot;:10}\">Der Forlam Konzern kontrolliert die mit seiner Website verbundenen Sites nicht und ist somit auch nicht f\u00fcr deren Inhalt verantwortlich.<\/span><br \/><span data-sheets-value=\"{&quot;1&quot;:2,&quot;2&quot;:&quot;Das Risiko einer Benutzung dieser Websites wird einzig und allein vom Benutzer getragen. Der Benutzer folgt den Anweisungern der entsprechenden Website.&quot;}\" data-sheets-userformat=\"{&quot;2&quot;:14337,&quot;3&quot;:{&quot;1&quot;:0,&quot;3&quot;:1},&quot;14&quot;:{&quot;1&quot;:3,&quot;3&quot;:1},&quot;15&quot;:&quot;Arial&quot;,&quot;16&quot;:10}\">Das Risiko einer Benutzung dieser Websites wird einzig und allein vom Benutzer getragen. Der Benutzer folgt den Anweisungern der entsprechenden Website.<\/span><\/p>\r\n<h2><span data-sheets-value=\"{&quot;1&quot;:2,&quot;2&quot;:&quot;HERAUSGEBER&quot;}\" data-sheets-userformat=\"{&quot;2&quot;:14337,&quot;3&quot;:{&quot;1&quot;:0,&quot;3&quot;:1},&quot;14&quot;:{&quot;1&quot;:3,&quot;3&quot;:1},&quot;15&quot;:&quot;Arial&quot;,&quot;16&quot;:10}\">HERAUSGEBER<\/span><\/h2>\r\n<ul>\r\n<li><span data-sheets-value=\"{&quot;1&quot;:2,&quot;2&quot;:&quot;Groupe FORLAM&quot;}\" data-sheets-userformat=\"{&quot;2&quot;:14337,&quot;3&quot;:{&quot;1&quot;:0,&quot;3&quot;:1},&quot;14&quot;:{&quot;1&quot;:3,&quot;3&quot;:1},&quot;15&quot;:&quot;Arial&quot;,&quot;16&quot;:10}\">Groupe FORLAM<\/span><\/li>\r\n<li><span data-sheets-value=\"{&quot;1&quot;:2,&quot;2&quot;:&quot;SAS au capital social de 22 190 000,00 \u20ac&quot;}\" data-sheets-userformat=\"{&quot;2&quot;:14337,&quot;3&quot;:{&quot;1&quot;:0,&quot;3&quot;:1},&quot;14&quot;:{&quot;1&quot;:3,&quot;3&quot;:1},&quot;15&quot;:&quot;Arial&quot;,&quot;16&quot;:10}\">SAS au capital social de 22 190 000,00 \u20ac<\/span><\/li>\r\n<li><span data-sheets-value=\"{&quot;1&quot;:2,&quot;2&quot;:&quot;N\u00b0 SIRET : 44382800900029&quot;}\" data-sheets-userformat=\"{&quot;2&quot;:14337,&quot;3&quot;:{&quot;1&quot;:0,&quot;3&quot;:1},&quot;14&quot;:{&quot;1&quot;:3,&quot;3&quot;:1},&quot;15&quot;:&quot;Arial&quot;,&quot;16&quot;:10}\">N\u00b0 SIRET : 44382800900029<\/span><\/li>\r\n<li><span data-sheets-value=\"{&quot;1&quot;:2,&quot;2&quot;:&quot;Hautpsitz: 23 RUE TRAMASSAC 69005 LYON&quot;}\" data-sheets-userformat=\"{&quot;2&quot;:14337,&quot;3&quot;:{&quot;1&quot;:0,&quot;3&quot;:1},&quot;14&quot;:{&quot;1&quot;:3,&quot;3&quot;:1},&quot;15&quot;:&quot;Arial&quot;,&quot;16&quot;:10}\">Hautpsitz: 23 RUE TRAMASSAC 69005 LYON<\/span><\/li>\r\n<\/ul>\r\n<h2><span data-sheets-value=\"{&quot;1&quot;:2,&quot;2&quot;:&quot;HOSTING WEBSITE&quot;}\" data-sheets-userformat=\"{&quot;2&quot;:14337,&quot;3&quot;:{&quot;1&quot;:0,&quot;3&quot;:1},&quot;14&quot;:{&quot;1&quot;:3,&quot;3&quot;:1},&quot;15&quot;:&quot;Arial&quot;,&quot;16&quot;:10}\">HOSTING WEBSITE<\/span><\/h2>\r\n<ul>\r\n<li><strong>OVH<\/strong><\/li>\r\n<li><span data-sheets-value=\"{&quot;1&quot;:2,&quot;2&quot;:&quot;SAS au capital de 10 069 020 \u20ac&quot;}\" data-sheets-userformat=\"{&quot;2&quot;:14337,&quot;3&quot;:{&quot;1&quot;:0,&quot;3&quot;:1},&quot;14&quot;:{&quot;1&quot;:3,&quot;3&quot;:1},&quot;15&quot;:&quot;Arial&quot;,&quot;16&quot;:10}\">SAS au capital de 10 069 020 \u20ac<\/span><\/li>\r\n<li><span data-sheets-value=\"{&quot;1&quot;:2,&quot;2&quot;:&quot;RCS Lille M\u00e9tropole 424 761 419 00045&quot;}\" data-sheets-userformat=\"{&quot;2&quot;:14337,&quot;3&quot;:{&quot;1&quot;:0,&quot;3&quot;:1},&quot;14&quot;:{&quot;1&quot;:3,&quot;3&quot;:1},&quot;15&quot;:&quot;Arial&quot;,&quot;16&quot;:10}\">RCS Lille M\u00e9tropole 424 761 419 00045<\/span><\/li>\r\n<li><span data-sheets-value=\"{&quot;1&quot;:2,&quot;2&quot;:&quot;Hauptsitz : 2 rue Kellermann \u2013 59100 Roubaix \u2013 France&quot;}\" data-sheets-userformat=\"{&quot;2&quot;:14337,&quot;3&quot;:{&quot;1&quot;:0,&quot;3&quot;:1},&quot;14&quot;:{&quot;1&quot;:3,&quot;3&quot;:1},&quot;15&quot;:&quot;Arial&quot;,&quot;16&quot;:10}\">Hauptsitz : 2 rue Kellermann \u2013 59100 Roubaix \u2013 France<\/span><\/li>\r\n<\/ul>\r\n<h2><span data-sheets-value=\"{&quot;1&quot;:2,&quot;2&quot;:&quot;DIREKTION DER VER\u00d6FFENTLICHUNG&quot;}\" data-sheets-userformat=\"{&quot;2&quot;:14337,&quot;3&quot;:{&quot;1&quot;:0,&quot;3&quot;:1},&quot;14&quot;:{&quot;1&quot;:3,&quot;3&quot;:1},&quot;15&quot;:&quot;Arial&quot;,&quot;16&quot;:10}\">DIREKTION DER VER\u00d6FFENTLICHUNG<\/span><\/h2>\r\n<ul>\r\n<li><span data-sheets-value=\"{&quot;1&quot;:2,&quot;2&quot;:&quot;Madame Anne ASSIER&quot;}\" data-sheets-userformat=\"{&quot;2&quot;:14337,&quot;3&quot;:{&quot;1&quot;:0,&quot;3&quot;:1},&quot;14&quot;:{&quot;1&quot;:3,&quot;3&quot;:1},&quot;15&quot;:&quot;Arial&quot;,&quot;16&quot;:10}\">Madame Anne ASSIER<\/span><\/li>\r\n<\/ul>\r\n<h2><span data-sheets-value=\"{&quot;1&quot;:2,&quot;2&quot;:&quot;STUDIO WEB&quot;}\" data-sheets-userformat=\"{&quot;2&quot;:14337,&quot;3&quot;:{&quot;1&quot;:0,&quot;3&quot;:1},&quot;14&quot;:{&quot;1&quot;:3,&quot;3&quot;:1},&quot;15&quot;:&quot;Arial&quot;,&quot;16&quot;:10}\">STUDIO WEB<\/span><\/h2>\r\n<p>Erstellen der Website von <a href=\"https:\/\/allbyweb.fr\/\" target=\"_blank\" rel=\"noopener\">ALLBYWEB<\/a><\/p>\r\n<h2><span data-sheets-value=\"{&quot;1&quot;:2,&quot;2&quot;:&quot;BILDNACHWEIS&quot;}\" data-sheets-userformat=\"{&quot;2&quot;:14337,&quot;3&quot;:{&quot;1&quot;:0,&quot;3&quot;:1},&quot;14&quot;:{&quot;1&quot;:3,&quot;3&quot;:1},&quot;15&quot;:&quot;Arial&quot;,&quot;16&quot;:10}\">BILDNACHWEIS<\/span><\/h2>\r\n<p><span data-sheets-value=\"{&quot;1&quot;:2,&quot;2&quot;:&quot;Pixabay.com \u2013 Freepik.com \u2013 Unsplach.com \u2013 Fotolia.com \u2013 Shutterstok.com&quot;}\" data-sheets-userformat=\"{&quot;2&quot;:14337,&quot;3&quot;:{&quot;1&quot;:0,&quot;3&quot;:1},&quot;14&quot;:{&quot;1&quot;:3,&quot;3&quot;:1},&quot;15&quot;:&quot;Arial&quot;,&quot;16&quot;:10}\" data-sheets-hyperlink=\"http:\/\/shutterstok.com\/\" data-sheets-textstyleruns=\"[null,0,[null,null,{&quot;1&quot;:3,&quot;3&quot;:1},&quot;Arial&quot;,10]]\uee10[null,57,{&quot;2&quot;:[null,2,1136076],&quot;3&quot;:&quot;Arial&quot;,&quot;4&quot;:10,&quot;9&quot;:1}]\"> Pixabay.com \u2013 Freepik.com \u2013 Unsplach.com \u2013 Fotolia.com \u2013 <a class=\"in-cell-link\" href=\"http:\/\/shutterstok.com\/\" target=\"_blank\" rel=\"noopener\">Shutterstok.com<\/a><\/span><\/p>\r\n<p>&nbsp;<\/p>\r\n","protected":false},"excerpt":{"rendered":"<p>GEHEIMHALTUNG Der FORLAM Konzern speichert keine pers\u00f6nlichen Daten die eine Identifikation erlauben w\u00fcrden, vom Benutzer selbst ausgef\u00fcllte Formulare sind ausgenommen. Diese Informationen werden nicht ohne Zustimmung der betroffenen Person genutzt. Diese Informationen werden ausschliesslich zur Entsendung von Briefern, Angeboten genutzt oder um diese Person zu kontaktieren. Alle von dieser Website gesammelten Informationen unterliegen dem franz\u00f6sischen [&hellip;]<\/p>\n","protected":false},"author":1,"featured_media":0,"parent":0,"menu_order":0,"comment_status":"closed","ping_status":"closed","template":"","meta":{"_acf_changed":false,"inline_featured_image":false,"footnotes":""},"class_list":["post-1000","page","type-page","status-publish","hentry"],"acf":[],"yoast_head":"<!-- This site is optimized with the Yoast SEO plugin v27.3 - https:\/\/yoast.com\/product\/yoast-seo-wordpress\/ -->\n<title>Impressum | FORLAM - Forge<\/title>\n<meta name=\"robots\" content=\"index, follow, max-snippet:-1, max-image-preview:large, max-video-preview:-1\" \/>\n<link rel=\"canonical\" href=\"https:\/\/forge.forlam-groupe.fr\/de\/mentions-legales\/\" \/>\n<meta property=\"og:locale\" content=\"de_DE\" \/>\n<meta property=\"og:type\" content=\"article\" \/>\n<meta property=\"og:title\" content=\"Impressum | FORLAM - Forge\" \/>\n<meta property=\"og:description\" content=\"GEHEIMHALTUNG Der FORLAM Konzern speichert keine pers\u00f6nlichen Daten die eine Identifikation erlauben w\u00fcrden, vom Benutzer selbst ausgef\u00fcllte Formulare sind ausgenommen. Diese Informationen werden nicht ohne Zustimmung der betroffenen Person genutzt. Diese Informationen werden ausschliesslich zur Entsendung von Briefern, Angeboten genutzt oder um diese Person zu kontaktieren. Alle von dieser Website gesammelten Informationen unterliegen dem franz\u00f6sischen [&hellip;]\" \/>\n<meta property=\"og:url\" content=\"https:\/\/forge.forlam-groupe.fr\/de\/mentions-legales\/\" \/>\n<meta property=\"og:site_name\" content=\"FORLAM - Forge\" \/>\n<meta property=\"article:modified_time\" content=\"2021-08-04T10:01:09+00:00\" \/>\n<meta name=\"twitter:card\" content=\"summary_large_image\" \/>\n<meta name=\"twitter:label1\" content=\"Gesch\u00e4tzte Lesezeit\" \/>\n\t<meta name=\"twitter:data1\" content=\"2\u00a0Minuten\" \/>\n<script type=\"application\/ld+json\" class=\"yoast-schema-graph\">{\"@context\":\"https:\\\/\\\/schema.org\",\"@graph\":[{\"@type\":\"WebPage\",\"@id\":\"https:\\\/\\\/forge.forlam-groupe.fr\\\/de\\\/mentions-legales\\\/\",\"url\":\"https:\\\/\\\/forge.forlam-groupe.fr\\\/de\\\/mentions-legales\\\/\",\"name\":\"Impressum | FORLAM - Forge\",\"isPartOf\":{\"@id\":\"https:\\\/\\\/forge.forlam-groupe.fr\\\/de\\\/#website\"},\"datePublished\":\"2021-04-15T15:14:07+00:00\",\"dateModified\":\"2021-08-04T10:01:09+00:00\",\"breadcrumb\":{\"@id\":\"https:\\\/\\\/forge.forlam-groupe.fr\\\/de\\\/mentions-legales\\\/#breadcrumb\"},\"inLanguage\":\"de\",\"potentialAction\":[{\"@type\":\"ReadAction\",\"target\":[\"https:\\\/\\\/forge.forlam-groupe.fr\\\/de\\\/mentions-legales\\\/\"]}]},{\"@type\":\"BreadcrumbList\",\"@id\":\"https:\\\/\\\/forge.forlam-groupe.fr\\\/de\\\/mentions-legales\\\/#breadcrumb\",\"itemListElement\":[{\"@type\":\"ListItem\",\"position\":1,\"name\":\"Accueil\",\"item\":\"https:\\\/\\\/forge.forlam-groupe.fr\\\/de\\\/\"},{\"@type\":\"ListItem\",\"position\":2,\"name\":\"Impressum\"}]},{\"@type\":\"WebSite\",\"@id\":\"https:\\\/\\\/forge.forlam-groupe.fr\\\/de\\\/#website\",\"url\":\"https:\\\/\\\/forge.forlam-groupe.fr\\\/de\\\/\",\"name\":\"FORLAM - Forge\",\"description\":\"Un site utilisant WordPress\",\"publisher\":{\"@id\":\"https:\\\/\\\/forge.forlam-groupe.fr\\\/de\\\/#organization\"},\"potentialAction\":[{\"@type\":\"SearchAction\",\"target\":{\"@type\":\"EntryPoint\",\"urlTemplate\":\"https:\\\/\\\/forge.forlam-groupe.fr\\\/de\\\/?s={search_term_string}\"},\"query-input\":{\"@type\":\"PropertyValueSpecification\",\"valueRequired\":true,\"valueName\":\"search_term_string\"}}],\"inLanguage\":\"de\"},{\"@type\":\"Organization\",\"@id\":\"https:\\\/\\\/forge.forlam-groupe.fr\\\/de\\\/#organization\",\"name\":\"FORLAM FORGE\",\"alternateName\":\"PRECIFORGE - BOURGUIGNON BARRE\",\"url\":\"https:\\\/\\\/forge.forlam-groupe.fr\\\/de\\\/\",\"logo\":{\"@type\":\"ImageObject\",\"inLanguage\":\"de\",\"@id\":\"https:\\\/\\\/forge.forlam-groupe.fr\\\/de\\\/#\\\/schema\\\/logo\\\/image\\\/\",\"url\":\"https:\\\/\\\/forge.forlam-groupe.fr\\\/wp-content\\\/uploads\\\/2021\\\/06\\\/Logo-forlam-forge.svg\",\"contentUrl\":\"https:\\\/\\\/forge.forlam-groupe.fr\\\/wp-content\\\/uploads\\\/2021\\\/06\\\/Logo-forlam-forge.svg\",\"width\":\"1024\",\"height\":\"1024\",\"caption\":\"FORLAM FORGE\"},\"image\":{\"@id\":\"https:\\\/\\\/forge.forlam-groupe.fr\\\/de\\\/#\\\/schema\\\/logo\\\/image\\\/\"},\"sameAs\":[\"https:\\\/\\\/www.linkedin.com\\\/company\\\/preciforge\"]}]}<\/script>\n<!-- \/ Yoast SEO plugin. -->","yoast_head_json":{"title":"Impressum | FORLAM - Forge","robots":{"index":"index","follow":"follow","max-snippet":"max-snippet:-1","max-image-preview":"max-image-preview:large","max-video-preview":"max-video-preview:-1"},"canonical":"https:\/\/forge.forlam-groupe.fr\/de\/mentions-legales\/","og_locale":"de_DE","og_type":"article","og_title":"Impressum | FORLAM - Forge","og_description":"GEHEIMHALTUNG Der FORLAM Konzern speichert keine pers\u00f6nlichen Daten die eine Identifikation erlauben w\u00fcrden, vom Benutzer selbst ausgef\u00fcllte Formulare sind ausgenommen. Diese Informationen werden nicht ohne Zustimmung der betroffenen Person genutzt. Diese Informationen werden ausschliesslich zur Entsendung von Briefern, Angeboten genutzt oder um diese Person zu kontaktieren. Alle von dieser Website gesammelten Informationen unterliegen dem franz\u00f6sischen [&hellip;]","og_url":"https:\/\/forge.forlam-groupe.fr\/de\/mentions-legales\/","og_site_name":"FORLAM - Forge","article_modified_time":"2021-08-04T10:01:09+00:00","twitter_card":"summary_large_image","twitter_misc":{"Gesch\u00e4tzte Lesezeit":"2\u00a0Minuten"},"schema":{"@context":"https:\/\/schema.org","@graph":[{"@type":"WebPage","@id":"https:\/\/forge.forlam-groupe.fr\/de\/mentions-legales\/","url":"https:\/\/forge.forlam-groupe.fr\/de\/mentions-legales\/","name":"Impressum | FORLAM - Forge","isPartOf":{"@id":"https:\/\/forge.forlam-groupe.fr\/de\/#website"},"datePublished":"2021-04-15T15:14:07+00:00","dateModified":"2021-08-04T10:01:09+00:00","breadcrumb":{"@id":"https:\/\/forge.forlam-groupe.fr\/de\/mentions-legales\/#breadcrumb"},"inLanguage":"de","potentialAction":[{"@type":"ReadAction","target":["https:\/\/forge.forlam-groupe.fr\/de\/mentions-legales\/"]}]},{"@type":"BreadcrumbList","@id":"https:\/\/forge.forlam-groupe.fr\/de\/mentions-legales\/#breadcrumb","itemListElement":[{"@type":"ListItem","position":1,"name":"Accueil","item":"https:\/\/forge.forlam-groupe.fr\/de\/"},{"@type":"ListItem","position":2,"name":"Impressum"}]},{"@type":"WebSite","@id":"https:\/\/forge.forlam-groupe.fr\/de\/#website","url":"https:\/\/forge.forlam-groupe.fr\/de\/","name":"FORLAM - Forge","description":"Un site utilisant WordPress","publisher":{"@id":"https:\/\/forge.forlam-groupe.fr\/de\/#organization"},"potentialAction":[{"@type":"SearchAction","target":{"@type":"EntryPoint","urlTemplate":"https:\/\/forge.forlam-groupe.fr\/de\/?s={search_term_string}"},"query-input":{"@type":"PropertyValueSpecification","valueRequired":true,"valueName":"search_term_string"}}],"inLanguage":"de"},{"@type":"Organization","@id":"https:\/\/forge.forlam-groupe.fr\/de\/#organization","name":"FORLAM FORGE","alternateName":"PRECIFORGE - BOURGUIGNON BARRE","url":"https:\/\/forge.forlam-groupe.fr\/de\/","logo":{"@type":"ImageObject","inLanguage":"de","@id":"https:\/\/forge.forlam-groupe.fr\/de\/#\/schema\/logo\/image\/","url":"https:\/\/forge.forlam-groupe.fr\/wp-content\/uploads\/2021\/06\/Logo-forlam-forge.svg","contentUrl":"https:\/\/forge.forlam-groupe.fr\/wp-content\/uploads\/2021\/06\/Logo-forlam-forge.svg","width":"1024","height":"1024","caption":"FORLAM FORGE"},"image":{"@id":"https:\/\/forge.forlam-groupe.fr\/de\/#\/schema\/logo\/image\/"},"sameAs":["https:\/\/www.linkedin.com\/company\/preciforge"]}]}},"_links":{"self":[{"href":"https:\/\/forge.forlam-groupe.fr\/de\/wp-json\/wp\/v2\/pages\/1000","targetHints":{"allow":["GET"]}}],"collection":[{"href":"https:\/\/forge.forlam-groupe.fr\/de\/wp-json\/wp\/v2\/pages"}],"about":[{"href":"https:\/\/forge.forlam-groupe.fr\/de\/wp-json\/wp\/v2\/types\/page"}],"author":[{"embeddable":true,"href":"https:\/\/forge.forlam-groupe.fr\/de\/wp-json\/wp\/v2\/users\/1"}],"replies":[{"embeddable":true,"href":"https:\/\/forge.forlam-groupe.fr\/de\/wp-json\/wp\/v2\/comments?post=1000"}],"version-history":[{"count":0,"href":"https:\/\/forge.forlam-groupe.fr\/de\/wp-json\/wp\/v2\/pages\/1000\/revisions"}],"wp:attachment":[{"href":"https:\/\/forge.forlam-groupe.fr\/de\/wp-json\/wp\/v2\/media?parent=1000"}],"curies":[{"name":"wp","href":"https:\/\/api.w.org\/{rel}","templated":true}]}}